{"id":18659,"date":"2020-06-13T14:59:07","date_gmt":"2020-06-13T14:59:07","guid":{"rendered":"https:\/\/www.dhm-dental.com\/?post_type=product&#038;p=18659"},"modified":"2025-10-15T17:16:57","modified_gmt":"2025-10-15T15:16:57","slug":"quick-coupling-set-q-d-female-1-4-t6","status":"publish","type":"product","link":"https:\/\/www.dhm-dental.com\/it\/store\/quick-coupling-set-q-d-female-1-4-t6\/","title":{"rendered":"Set di attacco rapido Q.D. Femmina 1\/4\"-T6"},"content":{"rendered":"<p><span class=\"style119\"><b>Set attacco aria esterna Poly Q.D. Femmina 1\/4\u2033-T6<br \/>\n<\/b><\/span>Predisposto per realizzare collegamento aria esterna tipo Q.D. sulla tua unit\u00e0, sul muro o altrove. Utilizzando questo collegamento dell'aria \u00e8 possibile collegare direttamente il Comfort Startset all'aria con il Q.D. incluso nello Startset. connettore maschio. Inoltre \u00e8 possibile scollegare rapidamente il Comfort Startset dall'aria e portarlo con s\u00e9, la cosiddetta 'opzione mobile'. Questo set di collegamento femmina deve essere collegato alla linea dell'aria da \u00f86 mm del compressore.<\/p>\n<p><span class=\"style119\"><b>Dati Tecnici:<\/b><br \/>\nMateriali: metallo nichelato, tubo in PU e connettore rapido Q.D. femmina.<br \/>\n<\/span><\/p>","protected":false},"excerpt":{"rendered":"<p>Predisposto per realizzare collegamento aria esterna tipo Q.D. sulla tua unit\u00e0, sul muro o altrove. Utilizzando questo collegamento dell'aria \u00e8 possibile collegare direttamente il Comfort Startset all'aria con il Q.D. incluso nello Startset. connettore maschio. Questo set di collegamento femmina deve essere collegato alla linea dell'aria da \u00f86 mm del compressore.<\/p>","protected":false},"featured_media":18746,"comment_status":"open","ping_status":"closed","template":"","meta":[],"product_brand":[],"product_cat":[150],"product_tag":[137,144,147,148],"class_list":{"0":"post-18659","1":"product","2":"type-product","3":"status-publish","4":"has-post-thumbnail","6":"product_cat-accessories","7":"product_tag-air-flow-mirror","8":"product_tag-yirro-plus","9":"product_tag-best-endodontic-mirror","10":"product_tag-best-dental-mirror","11":"product_shipping_class-small_items","12":"pif-has-gallery","14":"first","15":"outofstock","16":"sale","17":"featured","18":"taxable","19":"shipping-taxable","20":"purchasable","21":"product-type-simple"},"yoast_head":"<!-- This site is optimized with the Yoast SEO plugin v27.4 - https:\/\/yoast.com\/product\/yoast-seo-wordpress\/ -->\n<title>External air connection set for Q.D. connector<\/title>\n<meta name=\"description\" content=\"External air connection set for Q.D. connector. Compatible with the Q.D. male quickcoupling included in the Yirro-plus Comfort Startset\" \/>\n<meta name=\"robots\" content=\"index, follow, max-snippet:-1, max-image-preview:large, max-video-preview:-1\" \/>\n<link rel=\"canonical\" href=\"https:\/\/www.dhm-dental.com\/it\/store\/quick-coupling-set-q-d-female-1-4-t6\/\" \/>\n<meta property=\"og:locale\" content=\"it_IT\" \/>\n<meta property=\"og:type\" content=\"article\" \/>\n<meta property=\"og:title\" content=\"External air connection set for Q.D. connector\" \/>\n<meta property=\"og:description\" content=\"External air connection set for Q.D. connector. Compatible with the Q.D. male quickcoupling included in the Yirro-plus Comfort Startset\" \/>\n<meta property=\"og:url\" content=\"https:\/\/www.dhm-dental.com\/it\/store\/quick-coupling-set-q-d-female-1-4-t6\/\" \/>\n<meta property=\"og:site_name\" content=\"DHM-dental\" \/>\n<meta property=\"article:publisher\" content=\"https:\/\/www.facebook.com\/Yirroplus\" \/>\n<meta property=\"article:modified_time\" content=\"2025-10-15T15:16:57+00:00\" \/>\n<meta property=\"og:image\" content=\"https:\/\/www.dhm-dental.com\/wp-content\/uploads\/2020\/07\/P3241751.jpg\" \/>\n\t<meta property=\"og:image:width\" content=\"1600\" \/>\n\t<meta property=\"og:image:height\" content=\"1200\" \/>\n\t<meta property=\"og:image:type\" content=\"image\/jpeg\" \/>\n<meta name=\"twitter:card\" content=\"summary_large_image\" \/>\n<meta name=\"twitter:site\" content=\"@Yirro_plus\" \/>\n<meta name=\"twitter:label1\" content=\"Tempo di lettura stimato\" \/>\n\t<meta name=\"twitter:data1\" content=\"1 minuto\" \/>\n<script type=\"application\/ld+json\" class=\"yoast-schema-graph\">{\"@context\":\"https:\\\/\\\/schema.org\",\"@graph\":[{\"@type\":\"WebPage\",\"@id\":\"https:\\\/\\\/www.dhm-dental.com\\\/store\\\/quick-coupling-set-q-d-female-1-4-t6\\\/\",\"url\":\"https:\\\/\\\/www.dhm-dental.com\\\/store\\\/quick-coupling-set-q-d-female-1-4-t6\\\/\",\"name\":\"External air connection set for Q.D. connector\",\"isPartOf\":{\"@id\":\"https:\\\/\\\/www.dhm-dental.com\\\/#website\"},\"primaryImageOfPage\":{\"@id\":\"https:\\\/\\\/www.dhm-dental.com\\\/store\\\/quick-coupling-set-q-d-female-1-4-t6\\\/#primaryimage\"},\"image\":{\"@id\":\"https:\\\/\\\/www.dhm-dental.com\\\/store\\\/quick-coupling-set-q-d-female-1-4-t6\\\/#primaryimage\"},\"thumbnailUrl\":\"https:\\\/\\\/www.dhm-dental.com\\\/wp-content\\\/uploads\\\/2020\\\/07\\\/P3241751.jpg\",\"datePublished\":\"2020-06-13T14:59:07+00:00\",\"dateModified\":\"2025-10-15T15:16:57+00:00\",\"description\":\"External air connection set for Q.D. connector. Compatible with the Q.D. male quickcoupling included in the Yirro-plus Comfort Startset\",\"breadcrumb\":{\"@id\":\"https:\\\/\\\/www.dhm-dental.com\\\/store\\\/quick-coupling-set-q-d-female-1-4-t6\\\/#breadcrumb\"},\"inLanguage\":\"it-IT\",\"potentialAction\":[{\"@type\":\"ReadAction\",\"target\":[\"https:\\\/\\\/www.dhm-dental.com\\\/store\\\/quick-coupling-set-q-d-female-1-4-t6\\\/\"]}]},{\"@type\":\"ImageObject\",\"inLanguage\":\"it-IT\",\"@id\":\"https:\\\/\\\/www.dhm-dental.com\\\/store\\\/quick-coupling-set-q-d-female-1-4-t6\\\/#primaryimage\",\"url\":\"https:\\\/\\\/www.dhm-dental.com\\\/wp-content\\\/uploads\\\/2020\\\/07\\\/P3241751.jpg\",\"contentUrl\":\"https:\\\/\\\/www.dhm-dental.com\\\/wp-content\\\/uploads\\\/2020\\\/07\\\/P3241751.jpg\",\"width\":1600,\"height\":1200,\"caption\":\"Q.D. Coupling Female T6\"},{\"@type\":\"BreadcrumbList\",\"@id\":\"https:\\\/\\\/www.dhm-dental.com\\\/store\\\/quick-coupling-set-q-d-female-1-4-t6\\\/#breadcrumb\",\"itemListElement\":[{\"@type\":\"ListItem\",\"position\":1,\"name\":\"Home\",\"item\":\"https:\\\/\\\/www.dhm-dental.com\\\/\"},{\"@type\":\"ListItem\",\"position\":2,\"name\":\"DHM-dental Store Continue\",\"item\":\"https:\\\/\\\/www.dhm-dental.com\\\/dhm-dental-store-continue\\\/\"},{\"@type\":\"ListItem\",\"position\":3,\"name\":\"Quick coupling set Q.D. Female 1\\\/4\u201d-T6\"}]},{\"@type\":\"WebSite\",\"@id\":\"https:\\\/\\\/www.dhm-dental.com\\\/#website\",\"url\":\"https:\\\/\\\/www.dhm-dental.com\\\/\",\"name\":\"DHM-dental\",\"description\":\"first class performance\",\"publisher\":{\"@id\":\"https:\\\/\\\/www.dhm-dental.com\\\/#organization\"},\"potentialAction\":[{\"@type\":\"SearchAction\",\"target\":{\"@type\":\"EntryPoint\",\"urlTemplate\":\"https:\\\/\\\/www.dhm-dental.com\\\/?s={search_term_string}\"},\"query-input\":{\"@type\":\"PropertyValueSpecification\",\"valueRequired\":true,\"valueName\":\"search_term_string\"}}],\"inLanguage\":\"it-IT\"},{\"@type\":\"Organization\",\"@id\":\"https:\\\/\\\/www.dhm-dental.com\\\/#organization\",\"name\":\"DHM-dental B.V.\",\"url\":\"https:\\\/\\\/www.dhm-dental.com\\\/\",\"logo\":{\"@type\":\"ImageObject\",\"inLanguage\":\"it-IT\",\"@id\":\"https:\\\/\\\/www.dhm-dental.com\\\/#\\\/schema\\\/logo\\\/image\\\/\",\"url\":\"https:\\\/\\\/www.dhm-dental.com\\\/wp-content\\\/uploads\\\/2020\\\/04\\\/logo-def-2018-250p.png\",\"contentUrl\":\"https:\\\/\\\/www.dhm-dental.com\\\/wp-content\\\/uploads\\\/2020\\\/04\\\/logo-def-2018-250p.png\",\"width\":375,\"height\":250,\"caption\":\"DHM-dental B.V.\"},\"image\":{\"@id\":\"https:\\\/\\\/www.dhm-dental.com\\\/#\\\/schema\\\/logo\\\/image\\\/\"},\"sameAs\":[\"https:\\\/\\\/www.facebook.com\\\/Yirroplus\",\"https:\\\/\\\/x.com\\\/Yirro_plus\"]}]}<\/script>\n<!-- \/ Yoast SEO plugin. -->","yoast_head_json":{"title":"External air connection set for Q.D. connector","description":"External air connection set for Q.D. connector. Compatible with the Q.D. male quickcoupling included in the Yirro-plus Comfort Startset","robots":{"index":"index","follow":"follow","max-snippet":"max-snippet:-1","max-image-preview":"max-image-preview:large","max-video-preview":"max-video-preview:-1"},"canonical":"https:\/\/www.dhm-dental.com\/it\/store\/quick-coupling-set-q-d-female-1-4-t6\/","og_locale":"it_IT","og_type":"article","og_title":"External air connection set for Q.D. connector","og_description":"External air connection set for Q.D. connector. Compatible with the Q.D. male quickcoupling included in the Yirro-plus Comfort Startset","og_url":"https:\/\/www.dhm-dental.com\/it\/store\/quick-coupling-set-q-d-female-1-4-t6\/","og_site_name":"DHM-dental","article_publisher":"https:\/\/www.facebook.com\/Yirroplus","article_modified_time":"2025-10-15T15:16:57+00:00","og_image":[{"width":1600,"height":1200,"url":"https:\/\/www.dhm-dental.com\/wp-content\/uploads\/2020\/07\/P3241751.jpg","type":"image\/jpeg"}],"twitter_card":"summary_large_image","twitter_site":"@Yirro_plus","twitter_misc":{"Tempo di lettura stimato":"1 minuto"},"schema":{"@context":"https:\/\/schema.org","@graph":[{"@type":"WebPage","@id":"https:\/\/www.dhm-dental.com\/store\/quick-coupling-set-q-d-female-1-4-t6\/","url":"https:\/\/www.dhm-dental.com\/store\/quick-coupling-set-q-d-female-1-4-t6\/","name":"External air connection set for Q.D. connector","isPartOf":{"@id":"https:\/\/www.dhm-dental.com\/#website"},"primaryImageOfPage":{"@id":"https:\/\/www.dhm-dental.com\/store\/quick-coupling-set-q-d-female-1-4-t6\/#primaryimage"},"image":{"@id":"https:\/\/www.dhm-dental.com\/store\/quick-coupling-set-q-d-female-1-4-t6\/#primaryimage"},"thumbnailUrl":"https:\/\/www.dhm-dental.com\/wp-content\/uploads\/2020\/07\/P3241751.jpg","datePublished":"2020-06-13T14:59:07+00:00","dateModified":"2025-10-15T15:16:57+00:00","description":"External air connection set for Q.D. connector. Compatible with the Q.D. male quickcoupling included in the Yirro-plus Comfort Startset","breadcrumb":{"@id":"https:\/\/www.dhm-dental.com\/store\/quick-coupling-set-q-d-female-1-4-t6\/#breadcrumb"},"inLanguage":"it-IT","potentialAction":[{"@type":"ReadAction","target":["https:\/\/www.dhm-dental.com\/store\/quick-coupling-set-q-d-female-1-4-t6\/"]}]},{"@type":"ImageObject","inLanguage":"it-IT","@id":"https:\/\/www.dhm-dental.com\/store\/quick-coupling-set-q-d-female-1-4-t6\/#primaryimage","url":"https:\/\/www.dhm-dental.com\/wp-content\/uploads\/2020\/07\/P3241751.jpg","contentUrl":"https:\/\/www.dhm-dental.com\/wp-content\/uploads\/2020\/07\/P3241751.jpg","width":1600,"height":1200,"caption":"Q.D. Coupling Female T6"},{"@type":"BreadcrumbList","@id":"https:\/\/www.dhm-dental.com\/store\/quick-coupling-set-q-d-female-1-4-t6\/#breadcrumb","itemListElement":[{"@type":"ListItem","position":1,"name":"Home","item":"https:\/\/www.dhm-dental.com\/"},{"@type":"ListItem","position":2,"name":"DHM-dental Store Continue","item":"https:\/\/www.dhm-dental.com\/dhm-dental-store-continue\/"},{"@type":"ListItem","position":3,"name":"Quick coupling set Q.D. Female 1\/4\u201d-T6"}]},{"@type":"WebSite","@id":"https:\/\/www.dhm-dental.com\/#website","url":"https:\/\/www.dhm-dental.com\/","name":"DHM-dentale","description":"first class performance","publisher":{"@id":"https:\/\/www.dhm-dental.com\/#organization"},"potentialAction":[{"@type":"SearchAction","target":{"@type":"EntryPoint","urlTemplate":"https:\/\/www.dhm-dental.com\/?s={search_term_string}"},"query-input":{"@type":"PropertyValueSpecification","valueRequired":true,"valueName":"search_term_string"}}],"inLanguage":"it-IT"},{"@type":"Organization","@id":"https:\/\/www.dhm-dental.com\/#organization","name":"DHM-dental B.V.","url":"https:\/\/www.dhm-dental.com\/","logo":{"@type":"ImageObject","inLanguage":"it-IT","@id":"https:\/\/www.dhm-dental.com\/#\/schema\/logo\/image\/","url":"https:\/\/www.dhm-dental.com\/wp-content\/uploads\/2020\/04\/logo-def-2018-250p.png","contentUrl":"https:\/\/www.dhm-dental.com\/wp-content\/uploads\/2020\/04\/logo-def-2018-250p.png","width":375,"height":250,"caption":"DHM-dental B.V."},"image":{"@id":"https:\/\/www.dhm-dental.com\/#\/schema\/logo\/image\/"},"sameAs":["https:\/\/www.facebook.com\/Yirroplus","https:\/\/x.com\/Yirro_plus"]}]}},"_links":{"self":[{"href":"https:\/\/www.dhm-dental.com\/it\/wp-json\/wp\/v2\/product\/18659","targetHints":{"allow":["GET"]}}],"collection":[{"href":"https:\/\/www.dhm-dental.com\/it\/wp-json\/wp\/v2\/product"}],"about":[{"href":"https:\/\/www.dhm-dental.com\/it\/wp-json\/wp\/v2\/types\/product"}],"replies":[{"embeddable":true,"href":"https:\/\/www.dhm-dental.com\/it\/wp-json\/wp\/v2\/comments?post=18659"}],"wp:featuredmedia":[{"embeddable":true,"href":"https:\/\/www.dhm-dental.com\/it\/wp-json\/wp\/v2\/media\/18746"}],"wp:attachment":[{"href":"https:\/\/www.dhm-dental.com\/it\/wp-json\/wp\/v2\/media?parent=18659"}],"wp:term":[{"taxonomy":"product_brand","embeddable":true,"href":"https:\/\/www.dhm-dental.com\/it\/wp-json\/wp\/v2\/product_brand?post=18659"},{"taxonomy":"product_cat","embeddable":true,"href":"https:\/\/www.dhm-dental.com\/it\/wp-json\/wp\/v2\/product_cat?post=18659"},{"taxonomy":"product_tag","embeddable":true,"href":"https:\/\/www.dhm-dental.com\/it\/wp-json\/wp\/v2\/product_tag?post=18659"}],"curies":[{"name":"wp","href":"https:\/\/api.w.org\/{rel}","templated":true}]}}