{"id":18656,"date":"2020-06-13T14:43:07","date_gmt":"2020-06-13T14:43:07","guid":{"rendered":"https:\/\/www.dhm-dental.com\/?post_type=product&#038;p=18656"},"modified":"2022-05-31T21:56:29","modified_gmt":"2022-05-31T19:56:29","slug":"quick-coupling-set-female-nw2-7-t6","status":"publish","type":"product","link":"https:\/\/www.dhm-dental.com\/it\/store\/quick-coupling-set-female-nw2-7-t6\/","title":{"rendered":"Set di attacchi rapidi Femmina NW2.7-T6"},"content":{"rendered":"<p><span class=\"style119\"><b>Set collegamento aria esterna Femmina NW 2,7 T6<br \/>\n<\/b><\/span>Impostato per creare un collegamento per l'aria esterna di tipo NW 2.7\/T6 sull'unit\u00e0, a parete o altrove. Utilizzando questo collegamento dell'aria \u00e8 possibile collegare direttamente il Comfort Startset all'aria con il connettore maschio NW2.7 Startset incluso. Inoltre \u00e8 possibile scollegare rapidamente il Comfort Startset dall'aria e portarlo con s\u00e9, la cosiddetta 'opzione mobile'. Questo set di collegamento femmina deve essere collegato alla linea dell'aria da \u00f86 mm del compressore.<\/p>\n<p><span class=\"style119\"><b>Dati Tecnici:<\/b><br \/>\nMateriali: metallo nichelato, tubo in PU e connettore rapido T-6mm.<br \/>\n<\/span><\/p>","protected":false},"excerpt":{"rendered":"<p>Impostato per creare un collegamento per l'aria esterna di tipo NW 2.7\/T6 sull'unit\u00e0, a parete o altrove. Utilizzando questo collegamento dell'aria \u00e8 possibile collegare direttamente il Comfort Startset all'aria tramite il connettore maschio NW2.7 incluso nel Startset. Questo set di collegamento femmina deve essere collegato alla linea dell'aria da \u00f86 mm del compressore.<\/p>","protected":false},"featured_media":18658,"comment_status":"open","ping_status":"closed","template":"","meta":[],"product_brand":[],"product_cat":[150],"product_tag":[137,144,147,148],"class_list":{"0":"post-18656","1":"product","2":"type-product","3":"status-publish","4":"has-post-thumbnail","6":"product_cat-accessories","7":"product_tag-air-flow-mirror","8":"product_tag-yirro-plus","9":"product_tag-best-endodontic-mirror","10":"product_tag-best-dental-mirror","11":"product_shipping_class-small_items","12":"pif-has-gallery","14":"first","15":"instock","16":"sale","17":"featured","18":"taxable","19":"shipping-taxable","20":"purchasable","21":"product-type-simple"},"yoast_head":"<!-- This site is optimized with the Yoast SEO plugin v27.4 - https:\/\/yoast.com\/product\/yoast-seo-wordpress\/ -->\n<title>External air connection set for NW 2.7 connector<\/title>\n<meta name=\"description\" content=\"External air connection set for NW 2.7 connector. Compatible with the NW2.7 male quickcoupling included in the Yirro-plus Comfort Startset\" \/>\n<meta name=\"robots\" content=\"index, follow, max-snippet:-1, max-image-preview:large, max-video-preview:-1\" \/>\n<link rel=\"canonical\" href=\"https:\/\/www.dhm-dental.com\/it\/store\/quick-coupling-set-female-nw2-7-t6\/\" \/>\n<meta property=\"og:locale\" content=\"it_IT\" \/>\n<meta property=\"og:type\" content=\"article\" \/>\n<meta property=\"og:title\" content=\"External air connection set for NW 2.7 connector\" \/>\n<meta property=\"og:description\" content=\"External air connection set for NW 2.7 connector. Compatible with the NW2.7 male quickcoupling included in the Yirro-plus Comfort Startset\" \/>\n<meta property=\"og:url\" content=\"https:\/\/www.dhm-dental.com\/it\/store\/quick-coupling-set-female-nw2-7-t6\/\" \/>\n<meta property=\"og:site_name\" content=\"DHM-dental\" \/>\n<meta property=\"article:publisher\" content=\"https:\/\/www.facebook.com\/Yirroplus\" \/>\n<meta property=\"article:modified_time\" content=\"2022-05-31T19:56:29+00:00\" \/>\n<meta property=\"og:image\" content=\"https:\/\/www.dhm-dental.com\/wp-content\/uploads\/2020\/06\/QuickCouplingFemale-NW27-scaled.jpg\" \/>\n\t<meta property=\"og:image:width\" content=\"2048\" \/>\n\t<meta property=\"og:image:height\" content=\"1536\" \/>\n\t<meta property=\"og:image:type\" content=\"image\/jpeg\" \/>\n<meta name=\"twitter:card\" content=\"summary_large_image\" \/>\n<meta name=\"twitter:site\" content=\"@Yirro_plus\" \/>\n<script type=\"application\/ld+json\" class=\"yoast-schema-graph\">{\"@context\":\"https:\\\/\\\/schema.org\",\"@graph\":[{\"@type\":\"WebPage\",\"@id\":\"https:\\\/\\\/www.dhm-dental.com\\\/store\\\/quick-coupling-set-female-nw2-7-t6\\\/\",\"url\":\"https:\\\/\\\/www.dhm-dental.com\\\/store\\\/quick-coupling-set-female-nw2-7-t6\\\/\",\"name\":\"External air connection set for NW 2.7 connector\",\"isPartOf\":{\"@id\":\"https:\\\/\\\/www.dhm-dental.com\\\/#website\"},\"primaryImageOfPage\":{\"@id\":\"https:\\\/\\\/www.dhm-dental.com\\\/store\\\/quick-coupling-set-female-nw2-7-t6\\\/#primaryimage\"},\"image\":{\"@id\":\"https:\\\/\\\/www.dhm-dental.com\\\/store\\\/quick-coupling-set-female-nw2-7-t6\\\/#primaryimage\"},\"thumbnailUrl\":\"https:\\\/\\\/www.dhm-dental.com\\\/wp-content\\\/uploads\\\/2020\\\/06\\\/QuickCouplingFemale-NW27-scaled.jpg\",\"datePublished\":\"2020-06-13T14:43:07+00:00\",\"dateModified\":\"2022-05-31T19:56:29+00:00\",\"description\":\"External air connection set for NW 2.7 connector. Compatible with the NW2.7 male quickcoupling included in the Yirro-plus Comfort Startset\",\"breadcrumb\":{\"@id\":\"https:\\\/\\\/www.dhm-dental.com\\\/store\\\/quick-coupling-set-female-nw2-7-t6\\\/#breadcrumb\"},\"inLanguage\":\"it-IT\",\"potentialAction\":[{\"@type\":\"ReadAction\",\"target\":[\"https:\\\/\\\/www.dhm-dental.com\\\/store\\\/quick-coupling-set-female-nw2-7-t6\\\/\"]}]},{\"@type\":\"ImageObject\",\"inLanguage\":\"it-IT\",\"@id\":\"https:\\\/\\\/www.dhm-dental.com\\\/store\\\/quick-coupling-set-female-nw2-7-t6\\\/#primaryimage\",\"url\":\"https:\\\/\\\/www.dhm-dental.com\\\/wp-content\\\/uploads\\\/2020\\\/06\\\/QuickCouplingFemale-NW27-scaled.jpg\",\"contentUrl\":\"https:\\\/\\\/www.dhm-dental.com\\\/wp-content\\\/uploads\\\/2020\\\/06\\\/QuickCouplingFemale-NW27-scaled.jpg\",\"width\":2048,\"height\":1536},{\"@type\":\"BreadcrumbList\",\"@id\":\"https:\\\/\\\/www.dhm-dental.com\\\/store\\\/quick-coupling-set-female-nw2-7-t6\\\/#breadcrumb\",\"itemListElement\":[{\"@type\":\"ListItem\",\"position\":1,\"name\":\"Home\",\"item\":\"https:\\\/\\\/www.dhm-dental.com\\\/\"},{\"@type\":\"ListItem\",\"position\":2,\"name\":\"DHM-dental Store Continue\",\"item\":\"https:\\\/\\\/www.dhm-dental.com\\\/dhm-dental-store-continue\\\/\"},{\"@type\":\"ListItem\",\"position\":3,\"name\":\"Quick coupling set Female NW2.7-T6\"}]},{\"@type\":\"WebSite\",\"@id\":\"https:\\\/\\\/www.dhm-dental.com\\\/#website\",\"url\":\"https:\\\/\\\/www.dhm-dental.com\\\/\",\"name\":\"DHM-dental\",\"description\":\"first class performance\",\"publisher\":{\"@id\":\"https:\\\/\\\/www.dhm-dental.com\\\/#organization\"},\"potentialAction\":[{\"@type\":\"SearchAction\",\"target\":{\"@type\":\"EntryPoint\",\"urlTemplate\":\"https:\\\/\\\/www.dhm-dental.com\\\/?s={search_term_string}\"},\"query-input\":{\"@type\":\"PropertyValueSpecification\",\"valueRequired\":true,\"valueName\":\"search_term_string\"}}],\"inLanguage\":\"it-IT\"},{\"@type\":\"Organization\",\"@id\":\"https:\\\/\\\/www.dhm-dental.com\\\/#organization\",\"name\":\"DHM-dental B.V.\",\"url\":\"https:\\\/\\\/www.dhm-dental.com\\\/\",\"logo\":{\"@type\":\"ImageObject\",\"inLanguage\":\"it-IT\",\"@id\":\"https:\\\/\\\/www.dhm-dental.com\\\/#\\\/schema\\\/logo\\\/image\\\/\",\"url\":\"https:\\\/\\\/www.dhm-dental.com\\\/wp-content\\\/uploads\\\/2020\\\/04\\\/logo-def-2018-250p.png\",\"contentUrl\":\"https:\\\/\\\/www.dhm-dental.com\\\/wp-content\\\/uploads\\\/2020\\\/04\\\/logo-def-2018-250p.png\",\"width\":375,\"height\":250,\"caption\":\"DHM-dental B.V.\"},\"image\":{\"@id\":\"https:\\\/\\\/www.dhm-dental.com\\\/#\\\/schema\\\/logo\\\/image\\\/\"},\"sameAs\":[\"https:\\\/\\\/www.facebook.com\\\/Yirroplus\",\"https:\\\/\\\/x.com\\\/Yirro_plus\"]}]}<\/script>\n<!-- \/ Yoast SEO plugin. -->","yoast_head_json":{"title":"Set di connessione aria esterna per connettore NW 2.7","description":"Set di connessione aria esterna per connettore NW 2.7. Compatibile con l'attacco rapido maschio NW2.7 incluso nel set di partenza Yirro-plus Comfort.","robots":{"index":"index","follow":"follow","max-snippet":"max-snippet:-1","max-image-preview":"max-image-preview:large","max-video-preview":"max-video-preview:-1"},"canonical":"https:\/\/www.dhm-dental.com\/it\/store\/quick-coupling-set-female-nw2-7-t6\/","og_locale":"it_IT","og_type":"article","og_title":"External air connection set for NW 2.7 connector","og_description":"External air connection set for NW 2.7 connector. Compatible with the NW2.7 male quickcoupling included in the Yirro-plus Comfort Startset","og_url":"https:\/\/www.dhm-dental.com\/it\/store\/quick-coupling-set-female-nw2-7-t6\/","og_site_name":"DHM-dental","article_publisher":"https:\/\/www.facebook.com\/Yirroplus","article_modified_time":"2022-05-31T19:56:29+00:00","og_image":[{"width":2048,"height":1536,"url":"https:\/\/www.dhm-dental.com\/wp-content\/uploads\/2020\/06\/QuickCouplingFemale-NW27-scaled.jpg","type":"image\/jpeg"}],"twitter_card":"summary_large_image","twitter_site":"@Yirro_plus","schema":{"@context":"https:\/\/schema.org","@graph":[{"@type":"WebPage","@id":"https:\/\/www.dhm-dental.com\/store\/quick-coupling-set-female-nw2-7-t6\/","url":"https:\/\/www.dhm-dental.com\/store\/quick-coupling-set-female-nw2-7-t6\/","name":"Set di connessione aria esterna per connettore NW 2.7","isPartOf":{"@id":"https:\/\/www.dhm-dental.com\/#website"},"primaryImageOfPage":{"@id":"https:\/\/www.dhm-dental.com\/store\/quick-coupling-set-female-nw2-7-t6\/#primaryimage"},"image":{"@id":"https:\/\/www.dhm-dental.com\/store\/quick-coupling-set-female-nw2-7-t6\/#primaryimage"},"thumbnailUrl":"https:\/\/www.dhm-dental.com\/wp-content\/uploads\/2020\/06\/QuickCouplingFemale-NW27-scaled.jpg","datePublished":"2020-06-13T14:43:07+00:00","dateModified":"2022-05-31T19:56:29+00:00","description":"Set di connessione aria esterna per connettore NW 2.7. Compatibile con l'attacco rapido maschio NW2.7 incluso nel set di partenza Yirro-plus Comfort.","breadcrumb":{"@id":"https:\/\/www.dhm-dental.com\/store\/quick-coupling-set-female-nw2-7-t6\/#breadcrumb"},"inLanguage":"it-IT","potentialAction":[{"@type":"ReadAction","target":["https:\/\/www.dhm-dental.com\/store\/quick-coupling-set-female-nw2-7-t6\/"]}]},{"@type":"ImageObject","inLanguage":"it-IT","@id":"https:\/\/www.dhm-dental.com\/store\/quick-coupling-set-female-nw2-7-t6\/#primaryimage","url":"https:\/\/www.dhm-dental.com\/wp-content\/uploads\/2020\/06\/QuickCouplingFemale-NW27-scaled.jpg","contentUrl":"https:\/\/www.dhm-dental.com\/wp-content\/uploads\/2020\/06\/QuickCouplingFemale-NW27-scaled.jpg","width":2048,"height":1536},{"@type":"BreadcrumbList","@id":"https:\/\/www.dhm-dental.com\/store\/quick-coupling-set-female-nw2-7-t6\/#breadcrumb","itemListElement":[{"@type":"ListItem","position":1,"name":"Home","item":"https:\/\/www.dhm-dental.com\/"},{"@type":"ListItem","position":2,"name":"DHM-dental Store Continue","item":"https:\/\/www.dhm-dental.com\/dhm-dental-store-continue\/"},{"@type":"ListItem","position":3,"name":"Quick coupling set Female NW2.7-T6"}]},{"@type":"WebSite","@id":"https:\/\/www.dhm-dental.com\/#website","url":"https:\/\/www.dhm-dental.com\/","name":"DHM-dentale","description":"first class performance","publisher":{"@id":"https:\/\/www.dhm-dental.com\/#organization"},"potentialAction":[{"@type":"SearchAction","target":{"@type":"EntryPoint","urlTemplate":"https:\/\/www.dhm-dental.com\/?s={search_term_string}"},"query-input":{"@type":"PropertyValueSpecification","valueRequired":true,"valueName":"search_term_string"}}],"inLanguage":"it-IT"},{"@type":"Organization","@id":"https:\/\/www.dhm-dental.com\/#organization","name":"DHM-dental B.V.","url":"https:\/\/www.dhm-dental.com\/","logo":{"@type":"ImageObject","inLanguage":"it-IT","@id":"https:\/\/www.dhm-dental.com\/#\/schema\/logo\/image\/","url":"https:\/\/www.dhm-dental.com\/wp-content\/uploads\/2020\/04\/logo-def-2018-250p.png","contentUrl":"https:\/\/www.dhm-dental.com\/wp-content\/uploads\/2020\/04\/logo-def-2018-250p.png","width":375,"height":250,"caption":"DHM-dental B.V."},"image":{"@id":"https:\/\/www.dhm-dental.com\/#\/schema\/logo\/image\/"},"sameAs":["https:\/\/www.facebook.com\/Yirroplus","https:\/\/x.com\/Yirro_plus"]}]}},"_links":{"self":[{"href":"https:\/\/www.dhm-dental.com\/it\/wp-json\/wp\/v2\/product\/18656","targetHints":{"allow":["GET"]}}],"collection":[{"href":"https:\/\/www.dhm-dental.com\/it\/wp-json\/wp\/v2\/product"}],"about":[{"href":"https:\/\/www.dhm-dental.com\/it\/wp-json\/wp\/v2\/types\/product"}],"replies":[{"embeddable":true,"href":"https:\/\/www.dhm-dental.com\/it\/wp-json\/wp\/v2\/comments?post=18656"}],"wp:featuredmedia":[{"embeddable":true,"href":"https:\/\/www.dhm-dental.com\/it\/wp-json\/wp\/v2\/media\/18658"}],"wp:attachment":[{"href":"https:\/\/www.dhm-dental.com\/it\/wp-json\/wp\/v2\/media?parent=18656"}],"wp:term":[{"taxonomy":"product_brand","embeddable":true,"href":"https:\/\/www.dhm-dental.com\/it\/wp-json\/wp\/v2\/product_brand?post=18656"},{"taxonomy":"product_cat","embeddable":true,"href":"https:\/\/www.dhm-dental.com\/it\/wp-json\/wp\/v2\/product_cat?post=18656"},{"taxonomy":"product_tag","embeddable":true,"href":"https:\/\/www.dhm-dental.com\/it\/wp-json\/wp\/v2\/product_tag?post=18656"}],"curies":[{"name":"wp","href":"https:\/\/api.w.org\/{rel}","templated":true}]}}