{"id":18961,"date":"2020-09-30T11:23:44","date_gmt":"2020-09-30T09:23:44","guid":{"rendered":"https:\/\/www.dhm-dental.com\/?post_type=product&#038;p=18961"},"modified":"2026-01-19T09:48:59","modified_gmt":"2026-01-19T08:48:59","slug":"medical-d-cross-polarization-filter","status":"publish","type":"product","link":"https:\/\/www.dhm-dental.com\/fr\/store\/medical-d-cross-polarization-filter\/","title":{"rendered":"Medical-D\u00ae Jeu de filtres de polarisation crois\u00e9e"},"content":{"rendered":"<p><b>Medical-D\u00ae Jeu de filtres de polarisation crois\u00e9e<\/b><\/p>\n<p>Gr\u00e2ce \u00e0 ce jeu de filtres de polarisation crois\u00e9e optionnel, tout le monde peut r\u00e9aliser des images dentaires ANTI-GLARE de haute qualit\u00e9 avec la cam\u00e9ra Medical-D\u00ae. Votre proth\u00e9siste dentaire sera ravi : l'image ANTI-GLARE suppl\u00e9mentaire offre une aide pr\u00e9cieuse dans la s\u00e9lection des couleurs pour la reconstruction des dents.<\/p>\n<p>Cet ensemble de filtres \u00e0 polarisation crois\u00e9e s'adapte parfaitement \u00e0 la cam\u00e9ra Medical-D\u00ae (SONY DSC-HX99). L'ensemble comprend un filtre d'objectif et un filtre annulaire ; les deux sont faciles \u00e0 attacher.<\/p>\n<p><b>Points forts<\/b><\/p>\n<ul>\n<li>facile \u00e0 attacher \u00e0 l'appareil photo<\/li>\n<li>polarisation crois\u00e9e (images ANTI-REFLET)<\/li>\n<li>sac de rangement en soie<\/li>\n<li>Garantie limit\u00e9e de 2 ans<\/li>\n<\/ul>\n<p><strong>Mode d'emploi<\/strong><br \/>\nComposez le mode D et placez le filtre d'objectif sur l'objectif de la cam\u00e9ra Medical-D\u00ae. V\u00e9rifiez la position du triangle blanc sur le filtre de l'objectif : assurez-vous qu'il est orient\u00e9 \u00ab vers le haut \u00bb. Placez le filtre annulaire sur le flash annulaire de l'appareil photo. V\u00e9rifiez le positionnement \u00e0 distance et appuyez sur le d\u00e9clencheur pour cr\u00e9er une image ANTI-\u00c9BLOUISSEMENT.<\/p>\n<p>&nbsp;<\/p>\n<p>&nbsp;<\/p>","protected":false},"excerpt":{"rendered":"<p>Gr\u00e2ce \u00e0 ce jeu de filtres de polarisation crois\u00e9e optionnel, tout le monde peut r\u00e9aliser des images dentaires ANTI-GLARE de haute qualit\u00e9 avec la cam\u00e9ra Medical-D\u00ae. Votre proth\u00e9siste dentaire sera ravi : l'image ANTI-GLARE suppl\u00e9mentaire offre une aide pr\u00e9cieuse dans la s\u00e9lection des couleurs pour la reconstruction des dents.<\/p>","protected":false},"featured_media":18982,"comment_status":"open","ping_status":"closed","template":"","meta":[],"product_brand":[],"product_cat":[198],"product_tag":[187,188],"class_list":{"0":"post-18961","1":"product","2":"type-product","3":"status-publish","4":"has-post-thumbnail","6":"product_cat-camera","7":"product_tag-medical-d","8":"product_tag-dental-imaging","9":"product_shipping_class-small_items","10":"pif-has-gallery","12":"first","13":"instock","14":"taxable","15":"shipping-taxable","16":"product-type-simple"},"yoast_head":"<!-- This site is optimized with the Yoast SEO plugin v27.4 - https:\/\/yoast.com\/product\/yoast-seo-wordpress\/ -->\n<title>Medical-D\u00ae Cross-Polarization Filter Set - DHM-dental<\/title>\n<meta name=\"description\" content=\"Medical-D cross polarization filter set for high quality anti-glare dental pictures\" \/>\n<meta name=\"robots\" content=\"index, follow, max-snippet:-1, max-image-preview:large, max-video-preview:-1\" \/>\n<link rel=\"canonical\" href=\"https:\/\/www.dhm-dental.com\/fr\/store\/medical-d-cross-polarization-filter\/\" \/>\n<meta property=\"og:locale\" content=\"fr_FR\" \/>\n<meta property=\"og:type\" content=\"article\" \/>\n<meta property=\"og:title\" content=\"Medical-D\u00ae Cross-Polarization Filter Set - DHM-dental\" \/>\n<meta property=\"og:description\" content=\"Medical-D cross polarization filter set for high quality anti-glare dental pictures\" \/>\n<meta property=\"og:url\" content=\"https:\/\/www.dhm-dental.com\/fr\/store\/medical-d-cross-polarization-filter\/\" \/>\n<meta property=\"og:site_name\" content=\"DHM-dental\" \/>\n<meta property=\"article:publisher\" content=\"https:\/\/www.facebook.com\/Yirroplus\" \/>\n<meta property=\"article:modified_time\" content=\"2026-01-19T08:48:59+00:00\" \/>\n<meta property=\"og:image\" content=\"https:\/\/www.dhm-dental.com\/wp-content\/uploads\/2020\/09\/Cross-pol-filter-scaled.jpg\" \/>\n\t<meta property=\"og:image:width\" content=\"2048\" \/>\n\t<meta property=\"og:image:height\" content=\"1366\" \/>\n\t<meta property=\"og:image:type\" content=\"image\/jpeg\" \/>\n<meta name=\"twitter:card\" content=\"summary_large_image\" \/>\n<meta name=\"twitter:site\" content=\"@Yirro_plus\" \/>\n<meta name=\"twitter:label1\" content=\"Dur\u00e9e de lecture estim\u00e9e\" \/>\n\t<meta name=\"twitter:data1\" content=\"1 minute\" \/>\n<script type=\"application\/ld+json\" class=\"yoast-schema-graph\">{\"@context\":\"https:\\\/\\\/schema.org\",\"@graph\":[{\"@type\":\"WebPage\",\"@id\":\"https:\\\/\\\/www.dhm-dental.com\\\/store\\\/medical-d-cross-polarization-filter\\\/\",\"url\":\"https:\\\/\\\/www.dhm-dental.com\\\/store\\\/medical-d-cross-polarization-filter\\\/\",\"name\":\"Medical-D\u00ae Cross-Polarization Filter Set - DHM-dental\",\"isPartOf\":{\"@id\":\"https:\\\/\\\/www.dhm-dental.com\\\/#website\"},\"primaryImageOfPage\":{\"@id\":\"https:\\\/\\\/www.dhm-dental.com\\\/store\\\/medical-d-cross-polarization-filter\\\/#primaryimage\"},\"image\":{\"@id\":\"https:\\\/\\\/www.dhm-dental.com\\\/store\\\/medical-d-cross-polarization-filter\\\/#primaryimage\"},\"thumbnailUrl\":\"https:\\\/\\\/www.dhm-dental.com\\\/wp-content\\\/uploads\\\/2020\\\/09\\\/Cross-pol-filter-scaled.jpg\",\"datePublished\":\"2020-09-30T09:23:44+00:00\",\"dateModified\":\"2026-01-19T08:48:59+00:00\",\"description\":\"Medical-D cross polarization filter set for high quality anti-glare dental pictures\",\"breadcrumb\":{\"@id\":\"https:\\\/\\\/www.dhm-dental.com\\\/store\\\/medical-d-cross-polarization-filter\\\/#breadcrumb\"},\"inLanguage\":\"fr-FR\",\"potentialAction\":[{\"@type\":\"ReadAction\",\"target\":[\"https:\\\/\\\/www.dhm-dental.com\\\/store\\\/medical-d-cross-polarization-filter\\\/\"]}]},{\"@type\":\"ImageObject\",\"inLanguage\":\"fr-FR\",\"@id\":\"https:\\\/\\\/www.dhm-dental.com\\\/store\\\/medical-d-cross-polarization-filter\\\/#primaryimage\",\"url\":\"https:\\\/\\\/www.dhm-dental.com\\\/wp-content\\\/uploads\\\/2020\\\/09\\\/Cross-pol-filter-scaled.jpg\",\"contentUrl\":\"https:\\\/\\\/www.dhm-dental.com\\\/wp-content\\\/uploads\\\/2020\\\/09\\\/Cross-pol-filter-scaled.jpg\",\"width\":2048,\"height\":1366},{\"@type\":\"BreadcrumbList\",\"@id\":\"https:\\\/\\\/www.dhm-dental.com\\\/store\\\/medical-d-cross-polarization-filter\\\/#breadcrumb\",\"itemListElement\":[{\"@type\":\"ListItem\",\"position\":1,\"name\":\"Home\",\"item\":\"https:\\\/\\\/www.dhm-dental.com\\\/\"},{\"@type\":\"ListItem\",\"position\":2,\"name\":\"DHM-dental Store Continue\",\"item\":\"https:\\\/\\\/www.dhm-dental.com\\\/dhm-dental-store-continue\\\/\"},{\"@type\":\"ListItem\",\"position\":3,\"name\":\"Medical-D\u00ae Cross-Polarization Filter Set\"}]},{\"@type\":\"WebSite\",\"@id\":\"https:\\\/\\\/www.dhm-dental.com\\\/#website\",\"url\":\"https:\\\/\\\/www.dhm-dental.com\\\/\",\"name\":\"DHM-dental\",\"description\":\"first class performance\",\"publisher\":{\"@id\":\"https:\\\/\\\/www.dhm-dental.com\\\/#organization\"},\"potentialAction\":[{\"@type\":\"SearchAction\",\"target\":{\"@type\":\"EntryPoint\",\"urlTemplate\":\"https:\\\/\\\/www.dhm-dental.com\\\/?s={search_term_string}\"},\"query-input\":{\"@type\":\"PropertyValueSpecification\",\"valueRequired\":true,\"valueName\":\"search_term_string\"}}],\"inLanguage\":\"fr-FR\"},{\"@type\":\"Organization\",\"@id\":\"https:\\\/\\\/www.dhm-dental.com\\\/#organization\",\"name\":\"DHM-dental B.V.\",\"url\":\"https:\\\/\\\/www.dhm-dental.com\\\/\",\"logo\":{\"@type\":\"ImageObject\",\"inLanguage\":\"fr-FR\",\"@id\":\"https:\\\/\\\/www.dhm-dental.com\\\/#\\\/schema\\\/logo\\\/image\\\/\",\"url\":\"https:\\\/\\\/www.dhm-dental.com\\\/wp-content\\\/uploads\\\/2020\\\/04\\\/logo-def-2018-250p.png\",\"contentUrl\":\"https:\\\/\\\/www.dhm-dental.com\\\/wp-content\\\/uploads\\\/2020\\\/04\\\/logo-def-2018-250p.png\",\"width\":375,\"height\":250,\"caption\":\"DHM-dental B.V.\"},\"image\":{\"@id\":\"https:\\\/\\\/www.dhm-dental.com\\\/#\\\/schema\\\/logo\\\/image\\\/\"},\"sameAs\":[\"https:\\\/\\\/www.facebook.com\\\/Yirroplus\",\"https:\\\/\\\/x.com\\\/Yirro_plus\"]}]}<\/script>\n<!-- \/ Yoast SEO plugin. -->","yoast_head_json":{"title":"Medical-D\u00ae Jeu de filtres \u00e0 polarisation crois\u00e9e - DHM-dental","description":"Jeu de filtres de polarisation crois\u00e9e Medical-D pour des photos dentaires anti-reflets de haute qualit\u00e9","robots":{"index":"index","follow":"follow","max-snippet":"max-snippet:-1","max-image-preview":"max-image-preview:large","max-video-preview":"max-video-preview:-1"},"canonical":"https:\/\/www.dhm-dental.com\/fr\/store\/medical-d-cross-polarization-filter\/","og_locale":"fr_FR","og_type":"article","og_title":"Medical-D\u00ae Cross-Polarization Filter Set - DHM-dental","og_description":"Medical-D cross polarization filter set for high quality anti-glare dental pictures","og_url":"https:\/\/www.dhm-dental.com\/fr\/store\/medical-d-cross-polarization-filter\/","og_site_name":"DHM-dental","article_publisher":"https:\/\/www.facebook.com\/Yirroplus","article_modified_time":"2026-01-19T08:48:59+00:00","og_image":[{"width":2048,"height":1366,"url":"https:\/\/www.dhm-dental.com\/wp-content\/uploads\/2020\/09\/Cross-pol-filter-scaled.jpg","type":"image\/jpeg"}],"twitter_card":"summary_large_image","twitter_site":"@Yirro_plus","twitter_misc":{"Dur\u00e9e de lecture estim\u00e9e":"1 minute"},"schema":{"@context":"https:\/\/schema.org","@graph":[{"@type":"WebPage","@id":"https:\/\/www.dhm-dental.com\/store\/medical-d-cross-polarization-filter\/","url":"https:\/\/www.dhm-dental.com\/store\/medical-d-cross-polarization-filter\/","name":"Medical-D\u00ae Jeu de filtres \u00e0 polarisation crois\u00e9e - DHM-dental","isPartOf":{"@id":"https:\/\/www.dhm-dental.com\/#website"},"primaryImageOfPage":{"@id":"https:\/\/www.dhm-dental.com\/store\/medical-d-cross-polarization-filter\/#primaryimage"},"image":{"@id":"https:\/\/www.dhm-dental.com\/store\/medical-d-cross-polarization-filter\/#primaryimage"},"thumbnailUrl":"https:\/\/www.dhm-dental.com\/wp-content\/uploads\/2020\/09\/Cross-pol-filter-scaled.jpg","datePublished":"2020-09-30T09:23:44+00:00","dateModified":"2026-01-19T08:48:59+00:00","description":"Jeu de filtres de polarisation crois\u00e9e Medical-D pour des photos dentaires anti-reflets de haute qualit\u00e9","breadcrumb":{"@id":"https:\/\/www.dhm-dental.com\/store\/medical-d-cross-polarization-filter\/#breadcrumb"},"inLanguage":"fr-FR","potentialAction":[{"@type":"ReadAction","target":["https:\/\/www.dhm-dental.com\/store\/medical-d-cross-polarization-filter\/"]}]},{"@type":"ImageObject","inLanguage":"fr-FR","@id":"https:\/\/www.dhm-dental.com\/store\/medical-d-cross-polarization-filter\/#primaryimage","url":"https:\/\/www.dhm-dental.com\/wp-content\/uploads\/2020\/09\/Cross-pol-filter-scaled.jpg","contentUrl":"https:\/\/www.dhm-dental.com\/wp-content\/uploads\/2020\/09\/Cross-pol-filter-scaled.jpg","width":2048,"height":1366},{"@type":"BreadcrumbList","@id":"https:\/\/www.dhm-dental.com\/store\/medical-d-cross-polarization-filter\/#breadcrumb","itemListElement":[{"@type":"ListItem","position":1,"name":"Home","item":"https:\/\/www.dhm-dental.com\/"},{"@type":"ListItem","position":2,"name":"DHM-dental Store Continue","item":"https:\/\/www.dhm-dental.com\/dhm-dental-store-continue\/"},{"@type":"ListItem","position":3,"name":"Medical-D\u00ae Cross-Polarization Filter Set"}]},{"@type":"WebSite","@id":"https:\/\/www.dhm-dental.com\/#website","url":"https:\/\/www.dhm-dental.com\/","name":"DHM-dentaire","description":"first class performance","publisher":{"@id":"https:\/\/www.dhm-dental.com\/#organization"},"potentialAction":[{"@type":"SearchAction","target":{"@type":"EntryPoint","urlTemplate":"https:\/\/www.dhm-dental.com\/?s={search_term_string}"},"query-input":{"@type":"PropertyValueSpecification","valueRequired":true,"valueName":"search_term_string"}}],"inLanguage":"fr-FR"},{"@type":"Organization","@id":"https:\/\/www.dhm-dental.com\/#organization","name":"DHM-dental B.V.","url":"https:\/\/www.dhm-dental.com\/","logo":{"@type":"ImageObject","inLanguage":"fr-FR","@id":"https:\/\/www.dhm-dental.com\/#\/schema\/logo\/image\/","url":"https:\/\/www.dhm-dental.com\/wp-content\/uploads\/2020\/04\/logo-def-2018-250p.png","contentUrl":"https:\/\/www.dhm-dental.com\/wp-content\/uploads\/2020\/04\/logo-def-2018-250p.png","width":375,"height":250,"caption":"DHM-dental B.V."},"image":{"@id":"https:\/\/www.dhm-dental.com\/#\/schema\/logo\/image\/"},"sameAs":["https:\/\/www.facebook.com\/Yirroplus","https:\/\/x.com\/Yirro_plus"]}]}},"_links":{"self":[{"href":"https:\/\/www.dhm-dental.com\/fr\/wp-json\/wp\/v2\/product\/18961","targetHints":{"allow":["GET"]}}],"collection":[{"href":"https:\/\/www.dhm-dental.com\/fr\/wp-json\/wp\/v2\/product"}],"about":[{"href":"https:\/\/www.dhm-dental.com\/fr\/wp-json\/wp\/v2\/types\/product"}],"replies":[{"embeddable":true,"href":"https:\/\/www.dhm-dental.com\/fr\/wp-json\/wp\/v2\/comments?post=18961"}],"wp:featuredmedia":[{"embeddable":true,"href":"https:\/\/www.dhm-dental.com\/fr\/wp-json\/wp\/v2\/media\/18982"}],"wp:attachment":[{"href":"https:\/\/www.dhm-dental.com\/fr\/wp-json\/wp\/v2\/media?parent=18961"}],"wp:term":[{"taxonomy":"product_brand","embeddable":true,"href":"https:\/\/www.dhm-dental.com\/fr\/wp-json\/wp\/v2\/product_brand?post=18961"},{"taxonomy":"product_cat","embeddable":true,"href":"https:\/\/www.dhm-dental.com\/fr\/wp-json\/wp\/v2\/product_cat?post=18961"},{"taxonomy":"product_tag","embeddable":true,"href":"https:\/\/www.dhm-dental.com\/fr\/wp-json\/wp\/v2\/product_tag?post=18961"}],"curies":[{"name":"wp","href":"https:\/\/api.w.org\/{rel}","templated":true}]}}