{"id":21082,"date":"2023-04-04T16:50:25","date_gmt":"2023-04-04T14:50:25","guid":{"rendered":"https:\/\/www.dhm-dental.com\/?post_type=product&#038;p=21082"},"modified":"2026-03-23T12:54:53","modified_gmt":"2026-03-23T11:54:53","slug":"battery-charger-for-sony-np-bx1","status":"publish","type":"product","link":"https:\/\/www.dhm-dental.com\/es\/store\/battery-charger-for-sony-np-bx1\/","title":{"rendered":"Cellonic USB-C DUAL - para Sony NP-BX1"},"content":{"rendered":"<p id=\"product-block-product\"><strong>Informaci\u00f3n<\/strong><\/p>\n<p class=\"content-other\">El Cellonic USB-C Dual es un cargador de bater\u00eda que guardar\u00e1 tus fotos y v\u00eddeos cuando no tengas cerca una toma de carga tradicional. Gracias a su dise\u00f1o \u00fanico, \u00a1el cable USB para conectar el dispositivo a la fuente de alimentaci\u00f3n estar\u00e1 siempre contigo! Si es necesario, tambi\u00e9n puedes utilizar el cable de alimentaci\u00f3n USB-C adicional incluido.<\/p>\n<p id=\"product-block-product\"><strong>Especificaci\u00f3n<\/strong><br \/>\nmodelo: Cellonic USB-C DUAL<br \/>\nuente de alimentaci\u00f3n: USB\/USB-C 5 V; 2.1A<br \/>\ncorriente de carga (m\u00e1x.): 8,4 V; 1 x 1000 mA \/ 2 x 1000 mA<br \/>\ndimensiones: 8,5 x 5,3 x 2,5 cm<br \/>\npeso: 64 gramos<\/p>\n<p><strong>Compatibilidad<\/strong><br \/>\nBater\u00eda: NP-BX1<\/p>\n<p><strong>Contenido del conjunto<\/strong><br \/>\nCargador Cellonic USB-C DUAL channel<br \/>\nCable de alimentaci\u00f3n USB-C (no incluye adaptador de corriente)<\/p>","protected":false},"excerpt":{"rendered":"<p class=\"content-other\">El Newell FDL-USB-C es un cargador de bater\u00eda de doble canal con cable de alimentaci\u00f3n USB-C adicional incluido para la bater\u00eda Sony NP-BX1.<\/p>\n<p id=\"product-block-product\">","protected":false},"featured_media":23106,"comment_status":"open","ping_status":"closed","template":"","meta":[],"product_brand":[],"product_cat":[197],"product_tag":[301,187,188,191],"class_list":{"0":"post-21082","1":"product","2":"type-product","3":"status-publish","4":"has-post-thumbnail","6":"product_cat-accessories-medical-d","7":"product_tag-newell-dual-channel-charger","8":"product_tag-medical-d","9":"product_tag-dental-imaging","10":"product_tag-sony-battery","11":"product_shipping_class-small_items","13":"first","14":"instock","15":"taxable","16":"shipping-taxable","17":"purchasable","18":"product-type-simple"},"yoast_head":"<!-- This site is optimized with the Yoast SEO plugin v27.4 - https:\/\/yoast.com\/product\/yoast-seo-wordpress\/ -->\n<title>Cellonic USB-C DUAL - voor Sony NP-BX1 - DHM-dental<\/title>\n<meta name=\"description\" content=\"Dual channel USB-C Battery charger for Sony NP-BX1\" \/>\n<meta name=\"robots\" content=\"index, follow, max-snippet:-1, max-image-preview:large, max-video-preview:-1\" \/>\n<link rel=\"canonical\" href=\"https:\/\/www.dhm-dental.com\/es\/store\/battery-charger-for-sony-np-bx1\/\" \/>\n<meta property=\"og:locale\" content=\"es_ES\" \/>\n<meta property=\"og:type\" content=\"article\" \/>\n<meta property=\"og:title\" content=\"Cellonic USB-C DUAL - voor Sony NP-BX1 - DHM-dental\" \/>\n<meta property=\"og:description\" content=\"Dual channel USB-C Battery charger for Sony NP-BX1\" \/>\n<meta property=\"og:url\" content=\"https:\/\/www.dhm-dental.com\/es\/store\/battery-charger-for-sony-np-bx1\/\" \/>\n<meta property=\"og:site_name\" content=\"DHM-dental\" \/>\n<meta property=\"article:publisher\" content=\"https:\/\/www.facebook.com\/Yirroplus\" \/>\n<meta property=\"article:modified_time\" content=\"2026-03-23T11:54:53+00:00\" \/>\n<meta property=\"og:image\" content=\"https:\/\/www.dhm-dental.com\/wp-content\/uploads\/2026\/02\/Cellonic-USB-C-DUAL.jpg\" \/>\n\t<meta property=\"og:image:width\" content=\"2000\" \/>\n\t<meta property=\"og:image:height\" content=\"2000\" \/>\n\t<meta property=\"og:image:type\" content=\"image\/jpeg\" \/>\n<meta name=\"twitter:card\" content=\"summary_large_image\" \/>\n<meta name=\"twitter:site\" content=\"@Yirro_plus\" \/>\n<meta name=\"twitter:label1\" content=\"Tiempo de lectura\" \/>\n\t<meta name=\"twitter:data1\" content=\"1 minuto\" \/>\n<script type=\"application\/ld+json\" class=\"yoast-schema-graph\">{\"@context\":\"https:\\\/\\\/schema.org\",\"@graph\":[{\"@type\":\"WebPage\",\"@id\":\"https:\\\/\\\/www.dhm-dental.com\\\/store\\\/battery-charger-for-sony-np-bx1\\\/\",\"url\":\"https:\\\/\\\/www.dhm-dental.com\\\/store\\\/battery-charger-for-sony-np-bx1\\\/\",\"name\":\"Cellonic USB-C DUAL - voor Sony NP-BX1 - DHM-dental\",\"isPartOf\":{\"@id\":\"https:\\\/\\\/www.dhm-dental.com\\\/#website\"},\"primaryImageOfPage\":{\"@id\":\"https:\\\/\\\/www.dhm-dental.com\\\/store\\\/battery-charger-for-sony-np-bx1\\\/#primaryimage\"},\"image\":{\"@id\":\"https:\\\/\\\/www.dhm-dental.com\\\/store\\\/battery-charger-for-sony-np-bx1\\\/#primaryimage\"},\"thumbnailUrl\":\"https:\\\/\\\/www.dhm-dental.com\\\/wp-content\\\/uploads\\\/2026\\\/02\\\/Cellonic-USB-C-DUAL.jpg\",\"datePublished\":\"2023-04-04T14:50:25+00:00\",\"dateModified\":\"2026-03-23T11:54:53+00:00\",\"description\":\"Dual channel USB-C Battery charger for Sony NP-BX1\",\"breadcrumb\":{\"@id\":\"https:\\\/\\\/www.dhm-dental.com\\\/store\\\/battery-charger-for-sony-np-bx1\\\/#breadcrumb\"},\"inLanguage\":\"es\",\"potentialAction\":[{\"@type\":\"ReadAction\",\"target\":[\"https:\\\/\\\/www.dhm-dental.com\\\/store\\\/battery-charger-for-sony-np-bx1\\\/\"]}]},{\"@type\":\"ImageObject\",\"inLanguage\":\"es\",\"@id\":\"https:\\\/\\\/www.dhm-dental.com\\\/store\\\/battery-charger-for-sony-np-bx1\\\/#primaryimage\",\"url\":\"https:\\\/\\\/www.dhm-dental.com\\\/wp-content\\\/uploads\\\/2026\\\/02\\\/Cellonic-USB-C-DUAL.jpg\",\"contentUrl\":\"https:\\\/\\\/www.dhm-dental.com\\\/wp-content\\\/uploads\\\/2026\\\/02\\\/Cellonic-USB-C-DUAL.jpg\",\"width\":2000,\"height\":2000,\"caption\":\"Cellonic USB-C DUAL\"},{\"@type\":\"BreadcrumbList\",\"@id\":\"https:\\\/\\\/www.dhm-dental.com\\\/store\\\/battery-charger-for-sony-np-bx1\\\/#breadcrumb\",\"itemListElement\":[{\"@type\":\"ListItem\",\"position\":1,\"name\":\"Home\",\"item\":\"https:\\\/\\\/www.dhm-dental.com\\\/\"},{\"@type\":\"ListItem\",\"position\":2,\"name\":\"DHM-dental Store Continue\",\"item\":\"https:\\\/\\\/www.dhm-dental.com\\\/dhm-dental-store-continue\\\/\"},{\"@type\":\"ListItem\",\"position\":3,\"name\":\"Cellonic USB-C DUAL &#8211; voor Sony NP-BX1\"}]},{\"@type\":\"WebSite\",\"@id\":\"https:\\\/\\\/www.dhm-dental.com\\\/#website\",\"url\":\"https:\\\/\\\/www.dhm-dental.com\\\/\",\"name\":\"DHM-dental\",\"description\":\"first class performance\",\"publisher\":{\"@id\":\"https:\\\/\\\/www.dhm-dental.com\\\/#organization\"},\"potentialAction\":[{\"@type\":\"SearchAction\",\"target\":{\"@type\":\"EntryPoint\",\"urlTemplate\":\"https:\\\/\\\/www.dhm-dental.com\\\/?s={search_term_string}\"},\"query-input\":{\"@type\":\"PropertyValueSpecification\",\"valueRequired\":true,\"valueName\":\"search_term_string\"}}],\"inLanguage\":\"es\"},{\"@type\":\"Organization\",\"@id\":\"https:\\\/\\\/www.dhm-dental.com\\\/#organization\",\"name\":\"DHM-dental B.V.\",\"url\":\"https:\\\/\\\/www.dhm-dental.com\\\/\",\"logo\":{\"@type\":\"ImageObject\",\"inLanguage\":\"es\",\"@id\":\"https:\\\/\\\/www.dhm-dental.com\\\/#\\\/schema\\\/logo\\\/image\\\/\",\"url\":\"https:\\\/\\\/www.dhm-dental.com\\\/wp-content\\\/uploads\\\/2020\\\/04\\\/logo-def-2018-250p.png\",\"contentUrl\":\"https:\\\/\\\/www.dhm-dental.com\\\/wp-content\\\/uploads\\\/2020\\\/04\\\/logo-def-2018-250p.png\",\"width\":375,\"height\":250,\"caption\":\"DHM-dental B.V.\"},\"image\":{\"@id\":\"https:\\\/\\\/www.dhm-dental.com\\\/#\\\/schema\\\/logo\\\/image\\\/\"},\"sameAs\":[\"https:\\\/\\\/www.facebook.com\\\/Yirroplus\",\"https:\\\/\\\/x.com\\\/Yirro_plus\"]}]}<\/script>\n<!-- \/ Yoast SEO plugin. -->","yoast_head_json":{"title":"Cellonic USB-C DUAL - voor Sony NP-BX1 - DHM-dental","description":"Dual channel USB-C Battery charger for Sony NP-BX1","robots":{"index":"index","follow":"follow","max-snippet":"max-snippet:-1","max-image-preview":"max-image-preview:large","max-video-preview":"max-video-preview:-1"},"canonical":"https:\/\/www.dhm-dental.com\/es\/store\/battery-charger-for-sony-np-bx1\/","og_locale":"es_ES","og_type":"article","og_title":"Cellonic USB-C DUAL - voor Sony NP-BX1 - DHM-dental","og_description":"Dual channel USB-C Battery charger for Sony NP-BX1","og_url":"https:\/\/www.dhm-dental.com\/es\/store\/battery-charger-for-sony-np-bx1\/","og_site_name":"DHM-dental","article_publisher":"https:\/\/www.facebook.com\/Yirroplus","article_modified_time":"2026-03-23T11:54:53+00:00","og_image":[{"width":2000,"height":2000,"url":"https:\/\/www.dhm-dental.com\/wp-content\/uploads\/2026\/02\/Cellonic-USB-C-DUAL.jpg","type":"image\/jpeg"}],"twitter_card":"summary_large_image","twitter_site":"@Yirro_plus","twitter_misc":{"Tiempo de lectura":"1 minuto"},"schema":{"@context":"https:\/\/schema.org","@graph":[{"@type":"WebPage","@id":"https:\/\/www.dhm-dental.com\/store\/battery-charger-for-sony-np-bx1\/","url":"https:\/\/www.dhm-dental.com\/store\/battery-charger-for-sony-np-bx1\/","name":"Cellonic USB-C DUAL - voor Sony NP-BX1 - DHM-dental","isPartOf":{"@id":"https:\/\/www.dhm-dental.com\/#website"},"primaryImageOfPage":{"@id":"https:\/\/www.dhm-dental.com\/store\/battery-charger-for-sony-np-bx1\/#primaryimage"},"image":{"@id":"https:\/\/www.dhm-dental.com\/store\/battery-charger-for-sony-np-bx1\/#primaryimage"},"thumbnailUrl":"https:\/\/www.dhm-dental.com\/wp-content\/uploads\/2026\/02\/Cellonic-USB-C-DUAL.jpg","datePublished":"2023-04-04T14:50:25+00:00","dateModified":"2026-03-23T11:54:53+00:00","description":"Dual channel USB-C Battery charger for Sony NP-BX1","breadcrumb":{"@id":"https:\/\/www.dhm-dental.com\/store\/battery-charger-for-sony-np-bx1\/#breadcrumb"},"inLanguage":"es","potentialAction":[{"@type":"ReadAction","target":["https:\/\/www.dhm-dental.com\/store\/battery-charger-for-sony-np-bx1\/"]}]},{"@type":"ImageObject","inLanguage":"es","@id":"https:\/\/www.dhm-dental.com\/store\/battery-charger-for-sony-np-bx1\/#primaryimage","url":"https:\/\/www.dhm-dental.com\/wp-content\/uploads\/2026\/02\/Cellonic-USB-C-DUAL.jpg","contentUrl":"https:\/\/www.dhm-dental.com\/wp-content\/uploads\/2026\/02\/Cellonic-USB-C-DUAL.jpg","width":2000,"height":2000,"caption":"Cellonic USB-C DUAL"},{"@type":"BreadcrumbList","@id":"https:\/\/www.dhm-dental.com\/store\/battery-charger-for-sony-np-bx1\/#breadcrumb","itemListElement":[{"@type":"ListItem","position":1,"name":"Home","item":"https:\/\/www.dhm-dental.com\/"},{"@type":"ListItem","position":2,"name":"DHM-dental Store Continue","item":"https:\/\/www.dhm-dental.com\/dhm-dental-store-continue\/"},{"@type":"ListItem","position":3,"name":"Cellonic USB-C DUAL &#8211; voor Sony NP-BX1"}]},{"@type":"WebSite","@id":"https:\/\/www.dhm-dental.com\/#website","url":"https:\/\/www.dhm-dental.com\/","name":"DHM-dental","description":"first class performance","publisher":{"@id":"https:\/\/www.dhm-dental.com\/#organization"},"potentialAction":[{"@type":"SearchAction","target":{"@type":"EntryPoint","urlTemplate":"https:\/\/www.dhm-dental.com\/?s={search_term_string}"},"query-input":{"@type":"PropertyValueSpecification","valueRequired":true,"valueName":"search_term_string"}}],"inLanguage":"es"},{"@type":"Organization","@id":"https:\/\/www.dhm-dental.com\/#organization","name":"DHM-dental B.V.","url":"https:\/\/www.dhm-dental.com\/","logo":{"@type":"ImageObject","inLanguage":"es","@id":"https:\/\/www.dhm-dental.com\/#\/schema\/logo\/image\/","url":"https:\/\/www.dhm-dental.com\/wp-content\/uploads\/2020\/04\/logo-def-2018-250p.png","contentUrl":"https:\/\/www.dhm-dental.com\/wp-content\/uploads\/2020\/04\/logo-def-2018-250p.png","width":375,"height":250,"caption":"DHM-dental B.V."},"image":{"@id":"https:\/\/www.dhm-dental.com\/#\/schema\/logo\/image\/"},"sameAs":["https:\/\/www.facebook.com\/Yirroplus","https:\/\/x.com\/Yirro_plus"]}]}},"_links":{"self":[{"href":"https:\/\/www.dhm-dental.com\/es\/wp-json\/wp\/v2\/product\/21082","targetHints":{"allow":["GET"]}}],"collection":[{"href":"https:\/\/www.dhm-dental.com\/es\/wp-json\/wp\/v2\/product"}],"about":[{"href":"https:\/\/www.dhm-dental.com\/es\/wp-json\/wp\/v2\/types\/product"}],"replies":[{"embeddable":true,"href":"https:\/\/www.dhm-dental.com\/es\/wp-json\/wp\/v2\/comments?post=21082"}],"wp:featuredmedia":[{"embeddable":true,"href":"https:\/\/www.dhm-dental.com\/es\/wp-json\/wp\/v2\/media\/23106"}],"wp:attachment":[{"href":"https:\/\/www.dhm-dental.com\/es\/wp-json\/wp\/v2\/media?parent=21082"}],"wp:term":[{"taxonomy":"product_brand","embeddable":true,"href":"https:\/\/www.dhm-dental.com\/es\/wp-json\/wp\/v2\/product_brand?post=21082"},{"taxonomy":"product_cat","embeddable":true,"href":"https:\/\/www.dhm-dental.com\/es\/wp-json\/wp\/v2\/product_cat?post=21082"},{"taxonomy":"product_tag","embeddable":true,"href":"https:\/\/www.dhm-dental.com\/es\/wp-json\/wp\/v2\/product_tag?post=21082"}],"curies":[{"name":"wp","href":"https:\/\/api.w.org\/{rel}","templated":true}]}}